{"id":261,"date":"2023-06-06T01:29:00","date_gmt":"2023-06-06T01:29:00","guid":{"rendered":"https:\/\/kodeltodel.lt\/home\/"},"modified":"2023-06-12T12:18:06","modified_gmt":"2023-06-12T12:18:06","slug":"home","status":"publish","type":"page","link":"https:\/\/kodeltodel.lt\/en\/","title":{"rendered":"Home"},"content":{"rendered":"<section class=\"l-section wpb_row us_custom_59ccde5d hide_on_tablets hide_on_mobiles height_small full_height valign_center with_img parallax_fixed\"><div class=\"l-section-img\" data-img-width=\"1920\" data-img-height=\"1080\" style=\"background-image: url(https:\/\/kodeltodel.lt\/wp-content\/uploads\/2023\/06\/kt_background.jpg);background-position: top center;background-repeat: no-repeat;\"><\/div><div class=\"l-section-h i-cf\"><div class=\"g-cols vc_row via_flex valign_top type_default stacking_default\"><div class=\"vc_col-sm-12 wpb_column vc_column_container\"><div class=\"vc_column-inner\"><div class=\"wpb_wrapper\"><div class=\"wpb_text_column\"><div class=\"wpb_wrapper\"><p>Welcome to<\/p>\n<\/div><\/div><div class=\"w-separator size_small\"><\/div><div class=\"wpb_text_column us_custom_2165cd3a mobilefontsize has_text_color\"><div class=\"wpb_wrapper\"><p>kod\u0117l? tod\u0117l!<\/p>\n<\/div><\/div><div class=\"w-separator size_small\"><\/div><div class=\"wpb_text_column us_custom_6f7114a3 mobilefontsize has_text_color\"><div class=\"wpb_wrapper\"><p>e-shop<\/p>\n<\/div><\/div><div class=\"w-separator size_small\"><\/div><div class=\"wpb_text_column\"><div class=\"wpb_wrapper\"><p>High-quality, stylish clothes and accessories for a happy childhood! Made in Lithuania.<\/p>\n<\/div><\/div><div class=\"w-separator size_small\"><\/div><div class=\"w-btn-wrapper align_none\"><a class=\"w-btn us-btn-style_2\" href=\"https:\/\/kodeltodel.lt\/en\/shop\/\"><span class=\"w-btn-label\">SHOP<\/span><\/a><\/div><\/div><\/div><\/div><\/div><\/div><\/section><section class=\"l-section wpb_row us_custom_59ccde5d hide_on_default hide_on_laptops height_small full_height valign_center\" id=\"(mobile)\"><div class=\"l-section-overlay\" style=\"background:linear-gradient(170deg,#dee1e3,#b1bbc4)\"><\/div><div class=\"l-section-h i-cf\"><div class=\"g-cols vc_row via_flex valign_top type_default stacking_default\"><div class=\"vc_col-sm-12 wpb_column vc_column_container\"><div class=\"vc_column-inner\"><div class=\"wpb_wrapper\"><div class=\"wpb_text_column\"><div class=\"wpb_wrapper\"><p>Welcome to<\/p>\n<\/div><\/div><div class=\"w-separator size_small\"><\/div><div class=\"wpb_text_column us_custom_2165cd3a mobilefontsize has_text_color\"><div class=\"wpb_wrapper\"><p>kod\u0117l? tod\u0117l!<\/p>\n<\/div><\/div><div class=\"w-separator size_small\"><\/div><div class=\"wpb_text_column us_custom_6f7114a3 mobilefontsize has_text_color\"><div class=\"wpb_wrapper\"><p>e-shop<\/p>\n<\/div><\/div><div class=\"w-separator size_small\"><\/div><div class=\"wpb_text_column\"><div class=\"wpb_wrapper\"><p>High-quality, stylish clothes and accessories for a happy childhood! Made in Lithuania.<\/p>\n<\/div><\/div><div class=\"w-separator size_small\"><\/div><div class=\"w-btn-wrapper align_none\"><a class=\"w-btn us-btn-style_2\" href=\"https:\/\/kodeltodel.lt\/en\/shop\/\"><span class=\"w-btn-label\">SHOP<\/span><\/a><\/div><\/div><\/div><\/div><\/div><\/div><\/section><section class=\"l-section wpb_row height_medium\" id=\"new\"><div class=\"l-section-h i-cf\"><div class=\"g-cols vc_row via_flex valign_top type_default stacking_default\"><div class=\"vc_col-sm-12 wpb_column vc_column_container\"><div class=\"vc_column-inner\"><div class=\"wpb_wrapper\">[vc_custom_heading text=&#8221;NEW PRODUCTS&#8221; font_container=&#8221;tag:h2|font_size:18px|text_align:center|color:%23b8a57d&#8221; use_theme_fonts=&#8221;yes&#8221; css=&#8221;%7B%22default%22%3A%7B%22font-size%22%3A%2224px%22%2C%22letter-spacing%22%3A%2210px%22%7D%7D&#8221;]<div class=\"wpb_text_column\"><div class=\"wpb_wrapper\"><p style=\"text-align: center;\">i\u0161 m\u016bs\u0173 naujos kolekcijos<\/p>\n<\/div><\/div><div class=\"w-separator size_small\"><\/div><div class=\"w-grid type_carousel layout_52 cols_4\" id=\"us_grid_1\"><style>#us_grid_1 .w-grid-item{padding:1.5rem}#us_grid_1 .w-grid-list{margin:-1.5rem}.w-grid + #us_grid_1 .w-grid-list,.w-grid-none + #us_grid_1 .w-grid-list{margin-top:1.5rem}.layout_52 .w-grid-item-h{}.layout_52 .usg_post_image_1{transition-duration:0.3s;transform-origin:50% 50%;transform:scale(1) translate(0%,0%)}.layout_52 .w-grid-item-h:hover .usg_post_image_1{transform:scale(1.05) translate(0%,0%);opacity:1}.layout_52 .usg_product_field_1{color:#ffffff!important;font-size:12px!important;font-weight:700!important;text-transform:uppercase!important;padding-left:0.8rem!important;padding-right:0.8rem!important;position:absolute!important;left:10px!important;top:10px!important;background:#b8a57d!important}.layout_52 .usg_post_title_1{font-size:1rem!important;margin-top:0.8rem!important;margin-bottom:0.2rem!important}.layout_52 .usg_product_field_3{color:#b8a57d!important;font-weight:700!important}<\/style><div class=\"w-grid-list owl-carousel navstyle_3 navpos_outside with_dots\" style=\"--arrows-size:20px;\">\t<article class=\"w-grid-item post-309 product type-product status-publish has-post-thumbnail hentry product_cat-for-girls\" data-id=\"309\">\r\n\t\t<div class=\"w-grid-item-h\">\r\n\t\t\t\t\t\t<div class=\"w-vwrapper usg_vwrapper_1 align_center valign_middle\" style=\"--vwrapper-gap:0rem\"><div class=\"w-post-elm post_image usg_post_image_1 stretched\"><a href=\"https:\/\/kodeltodel.lt\/en\/produktas\/test-6\/\" aria-label=\"Test 6\"><img width=\"300\" height=\"300\" src=\"https:\/\/kodeltodel.lt\/wp-content\/uploads\/2023\/08\/272296653_1008607909689405_8383307838281678247_n-300x300.jpg\" class=\"attachment-woocommerce_thumbnail size-woocommerce_thumbnail wp-post-image\" alt=\"\" decoding=\"async\" loading=\"lazy\" srcset=\"https:\/\/kodeltodel.lt\/wp-content\/uploads\/2023\/08\/272296653_1008607909689405_8383307838281678247_n-300x300.jpg 300w, https:\/\/kodeltodel.lt\/wp-content\/uploads\/2023\/08\/272296653_1008607909689405_8383307838281678247_n-150x150.jpg 150w, https:\/\/kodeltodel.lt\/wp-content\/uploads\/2023\/08\/272296653_1008607909689405_8383307838281678247_n-50x50.jpg 50w, https:\/\/kodeltodel.lt\/wp-content\/uploads\/2023\/08\/272296653_1008607909689405_8383307838281678247_n-100x100.jpg 100w\" sizes=\"(max-width: 300px) 100vw, 300px\" \/><\/a><\/div><h2 class=\"w-post-elm post_title usg_post_title_1 align_center woocommerce-loop-product__title color_link_inherit\"><a href=\"https:\/\/kodeltodel.lt\/en\/produktas\/test-6\/\">Test 6<\/a><\/h2><p class=\"w-post-elm product_field price usg_product_field_3 has_text_color\"><span class=\"woocommerce-Price-amount amount\"><bdi>35,00&nbsp;<span class=\"woocommerce-Price-currencySymbol\">&euro;<\/span><\/bdi><\/span><\/p><\/div>\t\t<\/div>\r\n\t<\/article>\r\n\t<article class=\"w-grid-item post-224 product type-product status-publish has-post-thumbnail hentry product_cat-for-girls\" data-id=\"224\">\r\n\t\t<div class=\"w-grid-item-h\">\r\n\t\t\t\t\t\t<div class=\"w-vwrapper usg_vwrapper_1 align_center valign_middle\" style=\"--vwrapper-gap:0rem\"><div class=\"w-post-elm post_image usg_post_image_1 stretched\"><a href=\"https:\/\/kodeltodel.lt\/en\/produktas\/test-5\/\" aria-label=\"Test #5\"><img width=\"300\" height=\"300\" src=\"https:\/\/kodeltodel.lt\/wp-content\/uploads\/2023\/06\/IMG_6524-300x300.jpg\" class=\"attachment-woocommerce_thumbnail size-woocommerce_thumbnail wp-post-image\" alt=\"\" decoding=\"async\" loading=\"lazy\" srcset=\"https:\/\/kodeltodel.lt\/wp-content\/uploads\/2023\/06\/IMG_6524-300x300.jpg 300w, https:\/\/kodeltodel.lt\/wp-content\/uploads\/2023\/06\/IMG_6524-150x150.jpg 150w, https:\/\/kodeltodel.lt\/wp-content\/uploads\/2023\/06\/IMG_6524-50x50.jpg 50w, https:\/\/kodeltodel.lt\/wp-content\/uploads\/2023\/06\/IMG_6524-100x100.jpg 100w\" sizes=\"(max-width: 300px) 100vw, 300px\" \/><\/a><\/div><h2 class=\"w-post-elm post_title usg_post_title_1 align_center woocommerce-loop-product__title color_link_inherit\"><a href=\"https:\/\/kodeltodel.lt\/en\/produktas\/test-5\/\">Test #5<\/a><\/h2><p class=\"w-post-elm product_field price usg_product_field_3 has_text_color\"><span class=\"woocommerce-Price-amount amount\"><bdi>25,00&nbsp;<span class=\"woocommerce-Price-currencySymbol\">&euro;<\/span><\/bdi><\/span><\/p><\/div>\t\t<\/div>\r\n\t<\/article>\r\n\t<article class=\"w-grid-item post-228 product type-product status-publish has-post-thumbnail hentry product_cat-for-girls\" data-id=\"228\">\r\n\t\t<div class=\"w-grid-item-h\">\r\n\t\t\t\t\t\t<div class=\"w-vwrapper usg_vwrapper_1 align_center valign_middle\" style=\"--vwrapper-gap:0rem\"><div class=\"w-post-elm post_image usg_post_image_1 stretched\"><a href=\"https:\/\/kodeltodel.lt\/en\/produktas\/test-4\/\" aria-label=\"Test #4\"><img width=\"300\" height=\"300\" src=\"https:\/\/kodeltodel.lt\/wp-content\/uploads\/2023\/06\/IMG_6522-300x300.jpg\" class=\"attachment-woocommerce_thumbnail size-woocommerce_thumbnail wp-post-image\" alt=\"\" decoding=\"async\" loading=\"lazy\" srcset=\"https:\/\/kodeltodel.lt\/wp-content\/uploads\/2023\/06\/IMG_6522-300x300.jpg 300w, https:\/\/kodeltodel.lt\/wp-content\/uploads\/2023\/06\/IMG_6522-150x150.jpg 150w, https:\/\/kodeltodel.lt\/wp-content\/uploads\/2023\/06\/IMG_6522-50x50.jpg 50w, https:\/\/kodeltodel.lt\/wp-content\/uploads\/2023\/06\/IMG_6522-100x100.jpg 100w\" sizes=\"(max-width: 300px) 100vw, 300px\" \/><\/a><\/div><h2 class=\"w-post-elm post_title usg_post_title_1 align_center woocommerce-loop-product__title color_link_inherit\"><a href=\"https:\/\/kodeltodel.lt\/en\/produktas\/test-4\/\">Test #4<\/a><\/h2><p class=\"w-post-elm product_field price usg_product_field_3 has_text_color\"><span class=\"woocommerce-Price-amount amount\"><bdi>25,00&nbsp;<span class=\"woocommerce-Price-currencySymbol\">&euro;<\/span><\/bdi><\/span><\/p><\/div>\t\t<\/div>\r\n\t<\/article>\r\n\t<article class=\"w-grid-item post-232 product type-product status-publish has-post-thumbnail hentry product_cat-accessories product_cat-for-girls\" data-id=\"232\">\r\n\t\t<div class=\"w-grid-item-h\">\r\n\t\t\t\t\t\t<div class=\"w-vwrapper usg_vwrapper_1 align_center valign_middle\" style=\"--vwrapper-gap:0rem\"><div class=\"w-post-elm post_image usg_post_image_1 stretched\"><a href=\"https:\/\/kodeltodel.lt\/en\/produktas\/test-3\/\" aria-label=\"Test #3\"><img width=\"300\" height=\"300\" src=\"https:\/\/kodeltodel.lt\/wp-content\/uploads\/2023\/04\/181483265_856582678225263_5601570368838427344_n-300x300.jpg\" class=\"attachment-woocommerce_thumbnail size-woocommerce_thumbnail wp-post-image\" alt=\"\" decoding=\"async\" loading=\"lazy\" srcset=\"https:\/\/kodeltodel.lt\/wp-content\/uploads\/2023\/04\/181483265_856582678225263_5601570368838427344_n-300x300.jpg 300w, https:\/\/kodeltodel.lt\/wp-content\/uploads\/2023\/04\/181483265_856582678225263_5601570368838427344_n-150x150.jpg 150w, https:\/\/kodeltodel.lt\/wp-content\/uploads\/2023\/04\/181483265_856582678225263_5601570368838427344_n-50x50.jpg 50w, https:\/\/kodeltodel.lt\/wp-content\/uploads\/2023\/04\/181483265_856582678225263_5601570368838427344_n-100x100.jpg 100w\" sizes=\"(max-width: 300px) 100vw, 300px\" \/><\/a><\/div><h2 class=\"w-post-elm post_title usg_post_title_1 align_center woocommerce-loop-product__title color_link_inherit\"><a href=\"https:\/\/kodeltodel.lt\/en\/produktas\/test-3\/\">Test #3<\/a><\/h2><p class=\"w-post-elm product_field price usg_product_field_3 has_text_color\"><span class=\"woocommerce-Price-amount amount\"><bdi>14,00&nbsp;<span class=\"woocommerce-Price-currencySymbol\">&euro;<\/span><\/bdi><\/span><\/p><\/div>\t\t<\/div>\r\n\t<\/article>\r\n\t<article class=\"w-grid-item post-240 product type-product status-publish has-post-thumbnail hentry product_cat-accessories product_cat-for-girls\" data-id=\"240\">\r\n\t\t<div class=\"w-grid-item-h\">\r\n\t\t\t\t\t\t<div class=\"w-vwrapper usg_vwrapper_1 align_center valign_middle\" style=\"--vwrapper-gap:0rem\"><div class=\"w-post-elm post_image usg_post_image_1 stretched\"><a href=\"https:\/\/kodeltodel.lt\/en\/produktas\/test-2\/\" aria-label=\"Test #2\"><img width=\"300\" height=\"300\" src=\"https:\/\/kodeltodel.lt\/wp-content\/uploads\/2023\/04\/272229039_1008609669689229_1080640113775035679_n-300x300.jpg\" class=\"attachment-woocommerce_thumbnail size-woocommerce_thumbnail wp-post-image\" alt=\"\" decoding=\"async\" loading=\"lazy\" srcset=\"https:\/\/kodeltodel.lt\/wp-content\/uploads\/2023\/04\/272229039_1008609669689229_1080640113775035679_n-300x300.jpg 300w, https:\/\/kodeltodel.lt\/wp-content\/uploads\/2023\/04\/272229039_1008609669689229_1080640113775035679_n-150x150.jpg 150w, https:\/\/kodeltodel.lt\/wp-content\/uploads\/2023\/04\/272229039_1008609669689229_1080640113775035679_n-50x50.jpg 50w, https:\/\/kodeltodel.lt\/wp-content\/uploads\/2023\/04\/272229039_1008609669689229_1080640113775035679_n-100x100.jpg 100w\" sizes=\"(max-width: 300px) 100vw, 300px\" \/><\/a><\/div><h2 class=\"w-post-elm post_title usg_post_title_1 align_center woocommerce-loop-product__title color_link_inherit\"><a href=\"https:\/\/kodeltodel.lt\/en\/produktas\/test-2\/\">Test #2<\/a><\/h2><p class=\"w-post-elm product_field price usg_product_field_3 has_text_color\"><span class=\"woocommerce-Price-amount amount\"><bdi>14,00&nbsp;<span class=\"woocommerce-Price-currencySymbol\">&euro;<\/span><\/bdi><\/span><\/p><\/div>\t\t<\/div>\r\n\t<\/article>\r\n\t<article class=\"w-grid-item post-236 product type-product status-publish has-post-thumbnail hentry product_cat-accessories product_cat-for-girls\" data-id=\"236\">\r\n\t\t<div class=\"w-grid-item-h\">\r\n\t\t\t\t\t\t<div class=\"w-vwrapper usg_vwrapper_1 align_center valign_middle\" style=\"--vwrapper-gap:0rem\"><div class=\"w-post-elm post_image usg_post_image_1 stretched\"><a href=\"https:\/\/kodeltodel.lt\/en\/produktas\/test-1\/\" aria-label=\"Test #1\"><img width=\"300\" height=\"300\" src=\"https:\/\/kodeltodel.lt\/wp-content\/uploads\/2023\/04\/271667649_1001522327064630_2625184454191313921_n-300x300.jpg\" class=\"attachment-woocommerce_thumbnail size-woocommerce_thumbnail wp-post-image\" alt=\"\" decoding=\"async\" loading=\"lazy\" srcset=\"https:\/\/kodeltodel.lt\/wp-content\/uploads\/2023\/04\/271667649_1001522327064630_2625184454191313921_n-300x300.jpg 300w, https:\/\/kodeltodel.lt\/wp-content\/uploads\/2023\/04\/271667649_1001522327064630_2625184454191313921_n-1024x1024.jpg 1024w, https:\/\/kodeltodel.lt\/wp-content\/uploads\/2023\/04\/271667649_1001522327064630_2625184454191313921_n-150x150.jpg 150w, https:\/\/kodeltodel.lt\/wp-content\/uploads\/2023\/04\/271667649_1001522327064630_2625184454191313921_n-600x600.jpg 600w, https:\/\/kodeltodel.lt\/wp-content\/uploads\/2023\/04\/271667649_1001522327064630_2625184454191313921_n-50x50.jpg 50w, https:\/\/kodeltodel.lt\/wp-content\/uploads\/2023\/04\/271667649_1001522327064630_2625184454191313921_n-100x100.jpg 100w, https:\/\/kodeltodel.lt\/wp-content\/uploads\/2023\/04\/271667649_1001522327064630_2625184454191313921_n.jpg 1200w\" sizes=\"(max-width: 300px) 100vw, 300px\" \/><\/a><\/div><h2 class=\"w-post-elm post_title usg_post_title_1 align_center woocommerce-loop-product__title color_link_inherit\"><a href=\"https:\/\/kodeltodel.lt\/en\/produktas\/test-1\/\">Test #1<\/a><\/h2><p class=\"w-post-elm product_field price usg_product_field_3 has_text_color\"><span class=\"woocommerce-Price-amount amount\"><bdi>14,00&nbsp;<span class=\"woocommerce-Price-currencySymbol\">&euro;<\/span><\/bdi><\/span><\/p><\/div>\t\t<\/div>\r\n\t<\/article>\r\n<\/div><div class=\"g-preloader type_1\">\r\n\t<div><\/div>\r\n<\/div>\r\n\t<div class=\"w-grid-json hidden\" onclick='return {&quot;action&quot;:&quot;us_ajax_grid&quot;,&quot;ajax_url&quot;:&quot;https:\\\/\\\/kodeltodel.lt\\\/wp-admin\\\/admin-ajax.php&quot;,&quot;infinite_scroll&quot;:0,&quot;max_num_pages&quot;:1,&quot;pagination&quot;:&quot;none&quot;,&quot;permalink_url&quot;:&quot;https:\\\/\\\/kodeltodel.lt\\\/en\\\/wp-json\\\/wp\\\/v2\\\/pages\\\/261\\\/&quot;,&quot;template_vars&quot;:{&quot;columns&quot;:&quot;4&quot;,&quot;exclude_items&quot;:&quot;none&quot;,&quot;img_size&quot;:&quot;default&quot;,&quot;ignore_items_size&quot;:0,&quot;items_layout&quot;:&quot;52&quot;,&quot;items_offset&quot;:&quot;1&quot;,&quot;load_animation&quot;:&quot;none&quot;,&quot;overriding_link&quot;:&quot;none&quot;,&quot;post_id&quot;:261,&quot;query_args&quot;:{&quot;post_type&quot;:[&quot;product&quot;],&quot;tax_query&quot;:[{&quot;taxonomy&quot;:&quot;product_cat&quot;,&quot;field&quot;:&quot;slug&quot;,&quot;terms&quot;:[&quot;be-kategorijos&quot;,&quot;berniukams&quot;,&quot;kudikiams&quot;,&quot;mergaitems&quot;]},{&quot;taxonomy&quot;:&quot;product_visibility&quot;,&quot;field&quot;:&quot;slug&quot;,&quot;terms&quot;:[&quot;exclude-from-catalog&quot;],&quot;operator&quot;:&quot;NOT IN&quot;}],&quot;post_status&quot;:[&quot;publish&quot;,&quot;acf-disabled&quot;],&quot;meta_query&quot;:[],&quot;posts_per_page&quot;:&quot;10&quot;},&quot;orderby_query_args&quot;:{&quot;orderby&quot;:{&quot;date&quot;:&quot;DESC&quot;}},&quot;type&quot;:&quot;carousel&quot;,&quot;us_grid_ajax_index&quot;:1,&quot;us_grid_filter_params&quot;:null,&quot;us_grid_index&quot;:1,&quot;_us_grid_post_type&quot;:&quot;product&quot;,&quot;lang&quot;:&quot;en&quot;},&quot;carousel_settings&quot;:{&quot;autoHeight&quot;:0,&quot;autoplay&quot;:0,&quot;carousel_fade&quot;:0,&quot;center&quot;:0,&quot;dots&quot;:1,&quot;items&quot;:&quot;4&quot;,&quot;loop&quot;:false,&quot;nav&quot;:1,&quot;slideby&quot;:&quot;1&quot;,&quot;smooth_play&quot;:0,&quot;speed&quot;:250,&quot;timeout&quot;:3000,&quot;transition&quot;:&quot;&quot;},&quot;carousel_breakpoints&quot;:{&quot;0&quot;:{&quot;autoHeight&quot;:0,&quot;autoplay&quot;:1,&quot;autoplayHoverPause&quot;:1,&quot;items&quot;:1,&quot;loop&quot;:true,&quot;stagePadding&quot;:0},&quot;600&quot;:{&quot;autoHeight&quot;:0,&quot;autoplay&quot;:1,&quot;autoplayHoverPause&quot;:1,&quot;items&quot;:2,&quot;loop&quot;:false,&quot;stagePadding&quot;:0},&quot;900&quot;:{&quot;autoHeight&quot;:0,&quot;autoplay&quot;:1,&quot;autoplayHoverPause&quot;:1,&quot;items&quot;:3,&quot;loop&quot;:false,&quot;stagePadding&quot;:0},&quot;1200&quot;:{&quot;items&quot;:4,&quot;stagePadding&quot;:0}}}'><\/div>\r\n\t<\/div><div class=\"w-separator size_medium\"><\/div><\/div><\/div><\/div><div class=\"vc_col-sm-6 vc_hidden-sm vc_hidden-xs wpb_column vc_column_container\"><div class=\"vc_column-inner\"><div class=\"wpb_wrapper\"><div class=\"w-ibanner us_custom_8fd2cc5f animation_caeros ratio_2x1 easing_ease\"><div class=\"w-ibanner-h\"><div class=\"w-ibanner-image\" style=\"background-image: url(https:\/\/kodeltodel.lt\/wp-content\/uploads\/2023\/06\/girls_background-1024x1024.jpg)\"><\/div><div class=\"w-ibanner-content\"><div class=\"w-ibanner-content-h\"><h2 class=\"w-ibanner-title\" style=\"font-size:24px;\">For girls<\/h2><div class=\"w-ibanner-desc\"><\/div><\/div><\/div><\/div><a href=\"https:\/\/kodeltodel.lt\/produkto-kategorija\/mergaitems\/\" aria-label=\"For girls\"><\/a><\/div><\/div><\/div><\/div><div class=\"vc_col-sm-6 vc_hidden-sm vc_hidden-xs wpb_column vc_column_container\"><div class=\"vc_column-inner\"><div class=\"wpb_wrapper\"><div class=\"w-ibanner us_custom_da25385c animation_caeros ratio_4x3 easing_ease\"><div class=\"w-ibanner-h\"><div class=\"w-ibanner-image\" style=\"background-image: url(https:\/\/kodeltodel.lt\/wp-content\/uploads\/2023\/06\/boys_background-1024x512.jpg)\"><\/div><div class=\"w-ibanner-content\"><div class=\"w-ibanner-content-h\"><h2 class=\"w-ibanner-title\" style=\"font-size:24px;\">Berniukams<\/h2><div class=\"w-ibanner-desc\"><\/div><\/div><\/div><\/div><a href=\"https:\/\/kodeltodel.lt\/produkto-kategorija\/berniukams\/\" aria-label=\"Berniukams\"><\/a><\/div><div class=\"w-separator size_custom\" style=\"height:50px\" id=\"c21c\"><style>@media(max-width:600px){ #c21c{height:25px!important}}<\/style><\/div><div class=\"w-ibanner us_custom_969966ce animation_caeros ratio_1x1 easing_ease\"><div class=\"w-ibanner-h\"><div class=\"w-ibanner-image\" style=\"background-image: url(https:\/\/kodeltodel.lt\/wp-content\/uploads\/2023\/06\/akses_background-1024x512.jpg)\"><\/div><div class=\"w-ibanner-content\"><div class=\"w-ibanner-content-h\"><h2 class=\"w-ibanner-title\" style=\"font-size:24px;\">Aksesuarai<\/h2><div class=\"w-ibanner-desc\"><\/div><\/div><\/div><\/div><a href=\"https:\/\/kodeltodel.lt\/produkto-kategorija\/aksesuarai\/\" aria-label=\"Aksesuarai\"><\/a><\/div><\/div><\/div><\/div><div class=\"vc_col-sm-12 vc_hidden-lg vc_hidden-md wpb_column vc_column_container\"><div class=\"vc_column-inner\"><div class=\"wpb_wrapper\"><div class=\"w-ibanner animation_caeros ratio_4x3 easing_ease\"><div class=\"w-ibanner-h\"><div class=\"w-ibanner-image\" style=\"background-image: url(https:\/\/kodeltodel.lt\/wp-content\/uploads\/2023\/06\/girls_mob.jpg)\"><\/div><div class=\"w-ibanner-content\"><div class=\"w-ibanner-content-h\"><h2 class=\"w-ibanner-title\" style=\"font-size:24px;\">Mergait\u0117ms<\/h2><div class=\"w-ibanner-desc\"><\/div><\/div><\/div><\/div><a href=\"https:\/\/kodeltodel.lt\/produkto-kategorija\/mergaitems\/\" aria-label=\"Mergait\u0117ms\"><\/a><\/div><div class=\"w-separator size_custom\" style=\"height:50px\" id=\"v8ca\"><style>@media(max-width:600px){ #v8ca{height:25px!important}}<\/style><\/div><div class=\"w-ibanner us_custom_f03ee871 animation_caeros ratio_4x3 easing_ease\"><div class=\"w-ibanner-h\"><div class=\"w-ibanner-image\" style=\"background-image: url(https:\/\/kodeltodel.lt\/wp-content\/uploads\/2023\/06\/boys_mob.jpg)\"><\/div><div class=\"w-ibanner-content\"><div class=\"w-ibanner-content-h\"><h2 class=\"w-ibanner-title\" style=\"font-size:24px;\">Berniukams<\/h2><div class=\"w-ibanner-desc\"><\/div><\/div><\/div><\/div><a href=\"https:\/\/kodeltodel.lt\/produkto-kategorija\/berniukams\/\" aria-label=\"Berniukams\"><\/a><\/div><div class=\"w-separator size_custom\" style=\"height:50px\" id=\"sbbd\"><style>@media(max-width:600px){ #sbbd{height:25px!important}}<\/style><\/div><div class=\"w-ibanner animation_caeros ratio_4x3 easing_ease\"><div class=\"w-ibanner-h\"><div class=\"w-ibanner-image\" style=\"background-image: url(https:\/\/kodeltodel.lt\/wp-content\/uploads\/2023\/06\/akses_background.jpg)\"><\/div><div class=\"w-ibanner-content\"><div class=\"w-ibanner-content-h\"><h2 class=\"w-ibanner-title\" style=\"font-size:24px;\">Aksesuarai<\/h2><div class=\"w-ibanner-desc\"><\/div><\/div><\/div><\/div><a href=\"https:\/\/kodeltodel.lt\/produkto-kategorija\/aksesuarai\/\" aria-label=\"Aksesuarai\"><\/a><\/div><\/div><\/div><\/div><\/div><\/div><\/section>\n","protected":false},"excerpt":{"rendered":"Lorem ipsum dolor sit amet","protected":false},"author":1,"featured_media":213,"parent":0,"menu_order":0,"comment_status":"closed","ping_status":"open","template":"","meta":[],"acf":[],"_links":{"self":[{"href":"https:\/\/kodeltodel.lt\/en\/wp-json\/wp\/v2\/pages\/261"}],"collection":[{"href":"https:\/\/kodeltodel.lt\/en\/wp-json\/wp\/v2\/pages"}],"about":[{"href":"https:\/\/kodeltodel.lt\/en\/wp-json\/wp\/v2\/types\/page"}],"author":[{"embeddable":true,"href":"https:\/\/kodeltodel.lt\/en\/wp-json\/wp\/v2\/users\/1"}],"replies":[{"embeddable":true,"href":"https:\/\/kodeltodel.lt\/en\/wp-json\/wp\/v2\/comments?post=261"}],"version-history":[{"count":11,"href":"https:\/\/kodeltodel.lt\/en\/wp-json\/wp\/v2\/pages\/261\/revisions"}],"predecessor-version":[{"id":305,"href":"https:\/\/kodeltodel.lt\/en\/wp-json\/wp\/v2\/pages\/261\/revisions\/305"}],"wp:featuredmedia":[{"embeddable":true,"href":"https:\/\/kodeltodel.lt\/en\/wp-json\/wp\/v2\/media\/213"}],"wp:attachment":[{"href":"https:\/\/kodeltodel.lt\/en\/wp-json\/wp\/v2\/media?parent=261"}],"curies":[{"name":"wp","href":"https:\/\/api.w.org\/{rel}","templated":true}]}}